{"id":16771,"date":"2024-02-06T17:01:50","date_gmt":"2024-02-06T17:01:50","guid":{"rendered":"https:\/\/www.quality21construccions.com\/politica-de-privadesa\/"},"modified":"2024-02-23T10:34:08","modified_gmt":"2024-02-23T10:34:08","slug":"politica-de-privadesa","status":"publish","type":"page","link":"https:\/\/www.quality21construccions.com\/ca\/politica-de-privadesa\/","title":{"rendered":"Pol\u00edtica de Privadesa"},"content":{"rendered":"<p>Us donem la benvinguda a la web corporativa i us convidem a con\u00e8ixer aquests termes abans que faciliti les vostres dades personals.<\/p>\n<h4><strong>MENORS D&#8217;EDAT<\/strong><\/h4>\n<p>En el cas de menors de catorze anys, es requereix el consentiment dels pares o tutors per al tractament de les dades personals.<\/p>\n<p>En cap cas no es demanaran del menor d&#8217;edat dades relatives a la situaci\u00f3 professional, econ\u00f2mica oa la intimitat dels altres membres de la fam\u00edlia, sense el seu consentiment.<\/p>\n<p>Si ets menor de catorze anys i has accedit a aquest lloc web sense avisar els teus pares no ens has de donar cap tipus de dades personals.<\/p>\n<h4><strong>ALGUNS PRINCIPIS QUE HA DE CON\u00c8IXER<\/strong><\/h4>\n<p>Per a <strong>QUALITY XXI CONSTRUCCIONS I REHABILITACIONS, SL<\/strong> \u00e9s una prioritat el respecte i protecci\u00f3 de les dades personals dels usuaris. Com a usuari ha de saber que els seus drets estan garantits en aquesta web.<\/p>\n<p>Ens hem esfor\u00e7at a crear un espai segur i fiable i per aix\u00f2 volem compartir els nostres principis respecte a la seva privadesa:<\/p>\n<ul>\n<li>Mai sol\u00b7licitem informaci\u00f3 personal a no ser que realment sigui necess\u00e0ria per prestar-li els serveis que ens requereixi.<\/li>\n<li>No compartim mai informaci\u00f3 personal dels nostres usuaris amb ning\u00fa, excepte per complir amb la llei o en cas que compti amb la seva autoritzaci\u00f3 expressa.<\/li>\n<li>Mai utilitzem les vostres dades personals amb una finalitat diferent de l&#8217;expressada en aquesta pol\u00edtica de privadesa.<\/li>\n<\/ul>\n<p>Aquesta Pol\u00edtica de Privadesa podria variar en funci\u00f3 d&#8217;exig\u00e8ncies legislatives o d&#8217;autoregulaci\u00f3, per la qual cosa us aconsellem com a usuari que la visiteu peri\u00f2dicament. Ser\u00e0 aplicable en cas que els usuaris decideixin emplenar qualsevol dels seus formularis de contacte on se sol\u00b7licitin dades de car\u00e0cter personal.<\/p>\n<h4><strong>REGULACIONS LEGALS A LES QUALS S&#8217;ACULL AQUEST WEB<\/strong><\/h4>\n<p><strong>QUALITY XXI CONSTRUCCIONS I REHABILITACIONS, SL <\/strong>ha adequat aquest web a les exig\u00e8ncies de la Llei Org\u00e0nica 3\/2018, de 5 de desembre, de Protecci\u00f3 de Dades de Car\u00e0cter Personal i Garantia dels Drets Digitals (LOPDGDD), i al Reial Decret 1720\/2007, de 21 de desembre, conegut com el Reglament de desenvolupament de la LOPD. Compleix tamb\u00e9 amb el Reglament (UE) 2016\/679 del Parlament Europeu i del Consell de 27 d&#8217;abril del 2016 relatiu a la protecci\u00f3 de les persones f\u00edsiques (RGPD), aix\u00ed com amb la Llei 34\/2002, d&#8217;11 de juliol, de Servicis de la Societat de la Informaci\u00f3 i Comer\u00e7 Electr\u00f2nic (LSSICE o LSSI).<\/p>\n<h4><strong>RESPONSABLE DEL TRACTAMENT DE LES SEVES DADES PERSONALS<\/strong><\/h4>\n<ul>\n<li>Nom comercial: QUALITY XXI CONSTRUCCIONS I REHABILITACIONS, SL<\/li>\n<li>NIF \/ CIF: B66356536<\/li>\n<li>Adre\u00e7a: RONDA IB\u00c8RICA, 85, 08800 VILANOVA I LA GELTR\u00da (BARCELONA)<\/li>\n<li>Correu electr\u00f2nic: info@quality21construccions.com<\/li>\n<li>Activitat: El propi d&#8217;un negoci dedicat a la construcci\u00f3, reforma, reparaci\u00f3 i\/o rehabilitaci\u00f3 d&#8217;edificis o parts d&#8217;ells, en general, tant en habitatges unifamiliars i\/o plurifamiliars com a locals comercials etc<\/li>\n<\/ul>\n<p>A efectes del previst al Reglament General de Protecci\u00f3 de Dades abans esmentat, les dades personals que ens envieu a trav\u00e9s dels formularis de la web rebran el tractament de dades d&#8217;\u201cUsuaris de la web\u201d.<\/p>\n<p>Per al tractament de dades dels nostres usuaris implementem totes les mesures t\u00e8cniques i organitzatives de seguretat establertes a la legislaci\u00f3 vigent.<\/p>\n<h4><strong>COM HEM OBTINGUT LES SEVES DADES?<\/strong><\/h4>\n<p>Les dades personals que tractem a <strong>QUALITY XXI CONSTRUCCIONS I REHABILITACIONS, SL<\/strong> procedeixen de:<\/p>\n<ul>\n<li>Formulari de contacte de la web <strong>www.quality21construccions.com<\/strong><\/li>\n<li>Curriculum vitae<\/li>\n<li>Formulari de sol\u00b7licitud de servei via telef\u00f2nica o personal<\/li>\n<\/ul>\n<h4><strong>QUINES S\u00d3N ELS SEUS DRETS QUAN ENS FACILITA LES SEVES DADES?<\/strong><\/h4>\n<p>Qualsevol persona t\u00e9 dret a obtenir confirmaci\u00f3 sobre si a <strong>QUALITY XXI CONSTRUCCIONS I REHABILITACIONS, SL<\/strong> estem tractant dades personals que li pertoquen o no.<\/p>\n<p>Els interessats tenen dret a:<\/p>\n<ul>\n<li>Sol\u00b7licitar l&#8217;acc\u00e9s a les dades personals relatives a la persona interessada.<\/li>\n<li>Sol\u00b7licitar-ne la rectificaci\u00f3 o supressi\u00f3.<\/li>\n<li>Sol\u00b7licitar la limitaci\u00f3 del tractament.<\/li>\n<li>Oposar-se al tractament.<\/li>\n<li>Sol\u00b7licitar la portabilitat de les dades.<\/li>\n<li>Rebutjar el tractament automatitzat de les dades personals recollides.<\/li>\n<\/ul>\n<p>Els interessats poden accedir a les seves dades personals, aix\u00ed com a sol\u00b7licitar la rectificaci\u00f3 de dades inexactes o, si escau, a sol\u00b7licitar la seva supressi\u00f3 quan, entre altres motius, les dades ja no siguin necess\u00e0ries per als fins recollits.<\/p>\n<p>En determinades circumst\u00e0ncies, els interessats podran sol\u00b7licitar la limitaci\u00f3 del tractament de les seves dades, cas en qu\u00e8 \u00fanicament es conservaran per a l&#8217;exercici o la defensa de reclamacions.<\/p>\n<p>Tamb\u00e9 per motius relacionats amb la seva situaci\u00f3 particular, els interessats podran oposar-se al tractament de les dades. <strong>QUALITY XXI CONSTRUCCIONS I REHABILITACIONS, SL<\/strong> deixar\u00e0 de tractar les dades, excepte per motius imperiosos leg\u00edtims, o en l&#8217;exercici o la defensa de possibles reclamacions. Tamb\u00e9 podeu sol\u00b7licitar la portabilitat d&#8217;aquestes dades. De la mateixa manera, podreu rebutjar que les vostres dades siguin tractades de forma autom\u00e0tica per a la creaci\u00f3 de perfils.<\/p>\n<p>Els interessats tamb\u00e9 tenen dret a la tutela judicial efectiva ia presentar una reclamaci\u00f3 davant lautoritat de control, en aquest cas, lAg\u00e8ncia Espanyola de Protecci\u00f3 de Dades, si consideren que el tractament de dades personals que li concerneixen infringeix el Reglament.<\/p>\n<p>Podreu exercitar els vostres drets per correu electr\u00f2nic <strong>info@quality21construccions.com<\/strong> .<\/p>\n<h4><strong>AMB QUINA FINALITAT TRACTEM LES SEVES DADES PERSONALS?<\/strong><\/h4>\n<p>Quan un usuari es connecta amb aquesta web, per exemple, per posar-se en contacte amb nosaltres, est\u00e0 facilitant informaci\u00f3 de car\u00e0cter personal de qu\u00e8 \u00e9s responsable <strong>QUALITY XXI CONSTRUCCIONS I REHABILITACIONS, SL<\/strong> . Aquesta informaci\u00f3 pot incloure dades de car\u00e0cter personal, com ara l&#8217;adre\u00e7a IP, el nom, l&#8217;adre\u00e7a de correu electr\u00f2nic, el n\u00famero de tel\u00e8fon i una altra informaci\u00f3. En facilitar aquesta informaci\u00f3, l&#8217;usuari d\u00f3na el seu consentiment perqu\u00e8 la seva informaci\u00f3 sigui recopilada, utilitzada, gestionada i emmagatzemada per <strong>QUALITY XXI CONSTRUCCIONS I REHABILITACIONS, SL<\/strong> nom\u00e9s com es descriu a la present Pol\u00edtica de Privadesa.<\/p>\n<p>A <strong>QUALITY XXI CONSTRUCCIONS I REHABILITACIONS, SL<\/strong> tractem la informaci\u00f3 que ens faciliten les persones interessades amb la finalitat seg\u00fcent:<\/p>\n<ul>\n<li>Formulari de contacte: Sol\u00b7licitem les dades personals seg\u00fcents: nom, email i tel\u00e8fon per respondre als requeriments dels usuaris de la web <strong>www.quality21construccions.com<\/strong> . Per exemple, podem utilitzar aquestes dades per donar resposta als dubtes, queixes, comentaris o inquietuds que pugui tenir relatives a la informaci\u00f3 inclosa a la web, els serveis que es presten a trav\u00e9s de la web, el tractament de les vostres dades personals, q\u00fcestions referents als textos legals inclosos a la web, aix\u00ed com qualssevol altres consultes que pugui tenir i que no estiguin subjectes a les condicions de contractaci\u00f3. Us informem que les dades que ens facilite estaran ubicades als servidors de Cyberneticos (prove\u00efdor de hosting de <strong>QUALITY XXI CONSTRUCCIONS I REHABILITACIONS, SL<\/strong> ) dins de la UE.<\/li>\n<li>Curriculum vitae: Sol\u00b7licitem les dades personals seg\u00fcents: nom, email, tel\u00e8fon, dades acad\u00e8miques i altres dades necess\u00e0ries per avaluar els seus coneixements i per tal de formar part en els processos de selecci\u00f3 de personal que es duguin a terme per part nostra. <strong>QUALITY XXI CONSTRUCCIONS I REHABILITACIONS, SL<\/strong> tractar\u00e0 les vostres dades per analitzar el vostre perfil per tal d&#8217;avaluar determinats aspectes personals d&#8217;una persona f\u00edsica, en particular per analitzar o predir aspectes relatius al rendiment professional, situaci\u00f3 econ\u00f2mica, salut, prefer\u00e8ncies personals, interessos, fiabilitat, comportament, ubicaci\u00f3 o moviments de aquesta persona f\u00edsica.<\/li>\n<li>Formulari de sol\u00b7licitud de servei: Sol\u00b7licitem les dades personals seg\u00fcents: nom, email, tel\u00e8fon i altres dades personals per atendre les necessitats de cada usuari. Per exemple, podem utilitzar aquestes dades per dur a terme la vostra sol\u00b7licitud i donar el servei requerit. Us informem que les dades que ens facilite estaran ubicades als servidors de Cyberneticos (prove\u00efdor de hosting de <strong>QUALITY XXI CONSTRUCCIONS I REHABILITACIONS, SL<\/strong> ) dins de la UE.<\/li>\n<\/ul>\n<p>Hi ha altres finalitats per les quals tractem les vostres dades personals:<\/p>\n<ul>\n<li>Per garantir el compliment de les condicions d\u00fas i la llei aplicable. Aix\u00f2 pot incloure el desenvolupament de ferramentes i algorismes que ajuden la nostra empresa a garantir la confidencialitat de les dades personals que recull.<\/li>\n<li>Per donar suport i millorar els serveis que oferim.<\/li>\n<li>Tamb\u00e9 es recullen altres dades no identificatives que s&#8217;obtenen mitjan\u00e7ant algunes galetes que es descarreguen a l&#8217;ordinador de l&#8217;usuari quan navega en aquesta web que es detallen a la <a href=\"https:\/\/www.quality21construccions.com\/ca\/politica-de-cookies\/\">Pol\u00edtica de Cookies<\/a> .<\/li>\n<\/ul>\n<p><strong>QUALITY XXI CONSTRUCCIONS I REHABILITACIONS, SL<\/strong> no ven, lloga ni cedeix dades de car\u00e0cter personal a tercers, sense el consentiment previ, que puguin identificar l&#8217;usuari, ni ho far\u00e0 en el futur. Tot i aix\u00f2, en alguns casos es poden realitzar col\u00b7laboracions amb altres professionals, en aquests casos, es requerir\u00e0 consentiment als usuaris informant sobre la identitat del col\u00b7laborador i la finalitat de la col\u00b7laboraci\u00f3. Sempre es far\u00e0 amb els est\u00e0ndards de seguretat m\u00e9s estrictes.<\/p>\n<h4><strong>LEGITIMACI\u00d3 PER AL TRACTAMENT DE LES SEVES DADES<\/strong><\/h4>\n<p>La base legal per al tractament de les vostres dades \u00e9s el consentiment que se us demana expressament. A m\u00e9s, l&#8217;oferta prospectiva de productes i serveis es pot basar en l&#8217;execuci\u00f3 d&#8217;un contracte signat per ambdues parts.<\/p>\n<p>Per contactar amb nosaltres cal el consentiment d&#8217;aquesta Pol\u00edtica de Privadesa.<\/p>\n<p>L&#8217;oferta prospectiva o comercial de productes i serveis est\u00e0 basada tamb\u00e9 en el consentiment que se us demana, sense que en cap cas la retirada d&#8217;aquest consentiment condicioni l&#8217;execuci\u00f3 del contracte de subscripci\u00f3. Tamb\u00e9 la contractaci\u00f3 de productes i serveis ser\u00e0 segons els termes i condicions que constin a la pol\u00edtica comercial.<\/p>\n<h4><strong>PER QUANT TEMPS CONSERVAREM LES SEVES DADES?<\/strong><\/h4>\n<p>Les dades personals proporcionades es conservaran:<\/p>\n<ul>\n<li>Mentre es mantingui la relaci\u00f3 mercantil.<\/li>\n<li>No se sol\u00b7licite la supressi\u00f3 per part de linteressat.<\/li>\n<\/ul>\n<p>Per tant, podem garantir que les vostres dades no es conservaran m\u00e9s temps del necessari, sense perjudici de la conservaci\u00f3 que resulti necess\u00e0ria per a la formulaci\u00f3, exercici o defensa de potencials reclamacions i\/o sempre que ho permet\u00e9s la legislaci\u00f3 aplicable.<\/p>\n<h4><strong>A QUINS DESTINATARIS ES COMUNICARAN LES SEVES DADES?<\/strong><\/h4>\n<p>Per prestar serveis estrictament necessaris per al desenvolupament de l&#8217;activitat, <strong>QUALITY XXI CONSTRUCCIONS I REHABILITACIONS, SL<\/strong> comparteix dades amb diverses empreses sota les corresponents condicions de privadesa.<\/p>\n<p>Totes les utilitats ofertes per tercers s\u00f3n estrictament necess\u00e0ries per al desenvolupament dels nostres serveis i han estat seleccionades atenent al compliment dels drets que preservem a l&#8217;empresa.<\/p>\n<p>Diferents empreses tindran acc\u00e9s a la informaci\u00f3 personal necess\u00e0ria per fer les seves funcions com a encarregats de tractament, per\u00f2 no podran utilitzar-la per a altres fins. A m\u00e9s, han de tractar la informaci\u00f3 personal de conformitat amb aquesta Pol\u00edtica de Privadesa i la legislaci\u00f3 aplicable en mat\u00e8ria de protecci\u00f3 de dades. Entre aquests encarregats de tractament hi ha:<\/p>\n<p>Allotjament Web (Hosting): Cyberneticos Hosting SL, amb domicili al Carrer Varadero 3 PL 1 Parc Industrial El Palmar El Port de Santa Maria Cadis, 11500 Cadis Espanya. M\u00e9s informaci\u00f3 a <a href=\"https:\/\/www.cyberneticos.com\/\">https:\/\/www.cyberneticos.com\/<\/a> . Cyberneticos Hosting SL, tracta les dades per tal de realitzar els seus serveis com a prove\u00efdor de hosting a <strong>QUALITY XXI CONSTRUCCIONS I REHABILITACIONS, SL<\/strong> .<\/p>\n<p>Plataforma web: WordPress.org. M\u00e9s informaci\u00f3 a <a href=\"https:\/\/wordpress.org\/\">https:\/\/wordpress.org\/<\/a> . Tracta les dades per tal de realitzar els seus serveis de suport a <strong>QUALITY XXI CONSTRUCCIONS I REHABILITACIONS, SL<\/strong> .<\/p>\n<h4><strong>SECRET I SEGURETAT DE LES DADES<\/strong><\/h4>\n<p><strong>QUALITY XXI CONSTRUCCIONS I REHABILITACIONS, SL<\/strong> es compromet en l&#8217;\u00fas i el tractament de les dades personals incloses dels usuaris, respectant la seva confidencialitat ia utilitzar-les d&#8217;acord amb la finalitat, aix\u00ed com a donar compliment a la seva obligaci\u00f3 de guardar-les i adaptar totes les mesures per evitar l&#8217;alteraci\u00f3, la p\u00e8rdua, tractament o acc\u00e9s no autoritzat, de conformitat amb el que estableix la normativa vigent de protecci\u00f3 de dades.<\/p>\n<p><strong>QUALITY XXI CONSTRUCCIONS I REHABILITACIONS, SL<\/strong> no pot garantir l&#8217;absoluta inexpugnabilitat de la xarxa d&#8217;Internet i, per tant, la violaci\u00f3 de les dades mitjan\u00e7ant accessos fraudulents per part de tercers.<\/p>\n<h4><strong>EXACTITUD I VERACITAT DE LES DADES<\/strong><\/h4>\n<p>Com a usuari, \u00e9s l&#8217;\u00fanic responsable de la veracitat i correcci\u00f3 de les dades que ens remeti, exonerant <strong>QUALITY XXI CONSTRUCCIONS I REHABILITACIONS, SL<\/strong> de qualsevol responsabilitat al respecte. Els usuaris garanteixen i responen, en qualsevol cas, de l&#8217;exactitud, vig\u00e8ncia i autenticitat de les dades personals facilitades i es comprometen a mantenir-les degudament actualitzades. L&#8217;usuari accepta proporcionar informaci\u00f3 completa i correcta a les diferents formes de contacte.<\/p>\n<h4><strong>ACCEPTACI\u00d3 I CONSENTIMENT<\/strong><\/h4>\n<p>L&#8217;usuari declara haver estat informat de les condicions sobre protecci\u00f3 de dades de car\u00e0cter personal, acceptant-ne i consentint-ne el tractament per part de <strong>QUALITY XXI CONSTRUCCIONS I REHABILITACIONS, SL<\/strong> en la forma i per als fins indicats en aquesta Pol\u00edtica de Privadesa.<\/p>\n<h4><strong>CANVIS A LA POL\u00cdTICA DE PRIVACITAT<\/strong><\/h4>\n<p><strong>QUALITY XXI CONSTRUCCIONS I REHABILITACIONS, SL<\/strong> es reserva el dret de modificar aquesta pol\u00edtica per adaptar-la a novetats legislatives o jurisprudencials, aix\u00ed com a pr\u00e0ctiques de la ind\u00fastria. En aquests sup\u00f2sits, el prestador anunciar\u00e0 en aquesta p\u00e0gina els canvis introdu\u00efts amb una antelaci\u00f3 raonable a la posada en pr\u00e0ctica.<\/p>\n<h4><strong>CORREUS COMERCIALS<\/strong><\/h4>\n<p>D&#8217;acord amb la LSSICE, <strong>QUALITY XXI CONSTRUCCIONS I REHABILITACIONS, SL<\/strong> no fa pr\u00e0ctiques de SPAM, per la qual cosa no envia correus comercials per via electr\u00f2nica que no hagin estat pr\u00e8viament sol\u00b7licitats o autoritzats per l&#8217;usuari. En conseq\u00fc\u00e8ncia, a cadascun dels formularis de contacte, l&#8217;usuari t\u00e9 la possibilitat de donar el seu consentiment expr\u00e9s per rebre not\u00edcies dels nostres serveis i productes, amb independ\u00e8ncia de la informaci\u00f3 comercial puntualment sol\u00b7licitada.<\/p>\n<p>D&#8217;acord amb el que disposa la Llei 34\/2002 de Serveis de la Societat de la Informaci\u00f3 i de comer\u00e7 electr\u00f2nic, <strong>QUALITY XXI CONSTRUCCIONS I REHABILITACIONS, SL<\/strong> es compromet a no enviar comunicacions de car\u00e0cter comercial sense identificar-les degudament.<\/p>\n<p style=\"text-align: right;\">Document revisat el 23\/02\/2024<\/p>\n","protected":false},"excerpt":{"rendered":"<p>Us donem la benvinguda a la web corporativa i us convidem a con\u00e8ixer aquests termes abans que faciliti les vostres dades personals. MENORS D&#8217;EDAT En el cas de menors de catorze anys, es requereix el consentiment dels pares o tutors per al tractament de les dades personals. En cap cas no es demanaran del menor [&hellip;]<\/p>\n","protected":false},"author":1,"featured_media":0,"parent":0,"menu_order":6,"comment_status":"closed","ping_status":"closed","template":"","meta":{"footnotes":""},"class_list":["post-16771","page","type-page","status-publish","hentry"],"yoast_head":"<!-- This site is optimized with the Yoast SEO plugin v22.1 - https:\/\/yoast.com\/wordpress\/plugins\/seo\/ -->\n<title>Pol\u00edtica de Privadesa - Quality XXI Construccions i Rehabilitacions, S.L.<\/title>\n<meta name=\"robots\" content=\"index, follow, max-snippet:-1, max-image-preview:large, max-video-preview:-1\" \/>\n<link rel=\"canonical\" href=\"https:\/\/www.quality21construccions.com\/politica-de-privacidad\/\" \/>\n<meta property=\"og:locale\" content=\"ca_ES\" \/>\n<meta property=\"og:type\" content=\"article\" \/>\n<meta property=\"og:title\" content=\"Pol\u00edtica de Privadesa - Quality XXI Construccions i Rehabilitacions, S.L.\" \/>\n<meta property=\"og:description\" content=\"Us donem la benvinguda a la web corporativa i us convidem a con\u00e8ixer aquests termes abans que faciliti les vostres dades personals. MENORS D&#8217;EDAT En el cas de menors de catorze anys, es requereix el consentiment dels pares o tutors per al tractament de les dades personals. En cap cas no es demanaran del menor [&hellip;]\" \/>\n<meta property=\"og:url\" content=\"https:\/\/www.quality21construccions.com\/politica-de-privacidad\/\" \/>\n<meta property=\"og:site_name\" content=\"Quality XXI Construccions i Rehabilitacions, S.L.\" \/>\n<meta property=\"article:modified_time\" content=\"2024-02-23T10:34:08+00:00\" \/>\n<meta name=\"twitter:card\" content=\"summary_large_image\" \/>\n<meta name=\"twitter:label1\" content=\"Temps estimat de lectura\" \/>\n\t<meta name=\"twitter:data1\" content=\"11 minuts\" \/>\n<script type=\"application\/ld+json\" class=\"yoast-schema-graph\">{\"@context\":\"https:\/\/schema.org\",\"@graph\":[{\"@type\":\"WebPage\",\"@id\":\"https:\/\/www.quality21construccions.com\/politica-de-privacidad\/\",\"url\":\"https:\/\/www.quality21construccions.com\/politica-de-privacidad\/\",\"name\":\"Pol\u00edtica de Privadesa - Quality XXI Construccions i Rehabilitacions, S.L.\",\"isPartOf\":{\"@id\":\"https:\/\/www.quality21construccions.com\/#website\"},\"datePublished\":\"2024-02-06T17:01:50+00:00\",\"dateModified\":\"2024-02-23T10:34:08+00:00\",\"breadcrumb\":{\"@id\":\"https:\/\/www.quality21construccions.com\/politica-de-privacidad\/#breadcrumb\"},\"inLanguage\":\"ca\",\"potentialAction\":[{\"@type\":\"ReadAction\",\"target\":[\"https:\/\/www.quality21construccions.com\/politica-de-privacidad\/\"]}]},{\"@type\":\"BreadcrumbList\",\"@id\":\"https:\/\/www.quality21construccions.com\/politica-de-privacidad\/#breadcrumb\",\"itemListElement\":[{\"@type\":\"ListItem\",\"position\":1,\"name\":\"Portada\",\"item\":\"https:\/\/www.quality21construccions.com\/\"},{\"@type\":\"ListItem\",\"position\":2,\"name\":\"Pol\u00edtica de Privadesa\"}]},{\"@type\":\"WebSite\",\"@id\":\"https:\/\/www.quality21construccions.com\/#website\",\"url\":\"https:\/\/www.quality21construccions.com\/\",\"name\":\"Quality XXI Construccions i Reahbilitacions, S.L.\",\"description\":\"\",\"potentialAction\":[{\"@type\":\"SearchAction\",\"target\":{\"@type\":\"EntryPoint\",\"urlTemplate\":\"https:\/\/www.quality21construccions.com\/?s={search_term_string}\"},\"query-input\":\"required name=search_term_string\"}],\"inLanguage\":\"ca\"}]}<\/script>\n<!-- \/ Yoast SEO plugin. -->","yoast_head_json":{"title":"Pol\u00edtica de Privadesa - Quality XXI Construccions i Rehabilitacions, S.L.","robots":{"index":"index","follow":"follow","max-snippet":"max-snippet:-1","max-image-preview":"max-image-preview:large","max-video-preview":"max-video-preview:-1"},"canonical":"https:\/\/www.quality21construccions.com\/politica-de-privacidad\/","og_locale":"ca_ES","og_type":"article","og_title":"Pol\u00edtica de Privadesa - Quality XXI Construccions i Rehabilitacions, S.L.","og_description":"Us donem la benvinguda a la web corporativa i us convidem a con\u00e8ixer aquests termes abans que faciliti les vostres dades personals. MENORS D&#8217;EDAT En el cas de menors de catorze anys, es requereix el consentiment dels pares o tutors per al tractament de les dades personals. En cap cas no es demanaran del menor [&hellip;]","og_url":"https:\/\/www.quality21construccions.com\/politica-de-privacidad\/","og_site_name":"Quality XXI Construccions i Rehabilitacions, S.L.","article_modified_time":"2024-02-23T10:34:08+00:00","twitter_card":"summary_large_image","twitter_misc":{"Temps estimat de lectura":"11 minuts"},"schema":{"@context":"https:\/\/schema.org","@graph":[{"@type":"WebPage","@id":"https:\/\/www.quality21construccions.com\/politica-de-privacidad\/","url":"https:\/\/www.quality21construccions.com\/politica-de-privacidad\/","name":"Pol\u00edtica de Privadesa - Quality XXI Construccions i Rehabilitacions, S.L.","isPartOf":{"@id":"https:\/\/www.quality21construccions.com\/#website"},"datePublished":"2024-02-06T17:01:50+00:00","dateModified":"2024-02-23T10:34:08+00:00","breadcrumb":{"@id":"https:\/\/www.quality21construccions.com\/politica-de-privacidad\/#breadcrumb"},"inLanguage":"ca","potentialAction":[{"@type":"ReadAction","target":["https:\/\/www.quality21construccions.com\/politica-de-privacidad\/"]}]},{"@type":"BreadcrumbList","@id":"https:\/\/www.quality21construccions.com\/politica-de-privacidad\/#breadcrumb","itemListElement":[{"@type":"ListItem","position":1,"name":"Portada","item":"https:\/\/www.quality21construccions.com\/"},{"@type":"ListItem","position":2,"name":"Pol\u00edtica de Privadesa"}]},{"@type":"WebSite","@id":"https:\/\/www.quality21construccions.com\/#website","url":"https:\/\/www.quality21construccions.com\/","name":"Quality XXI Construccions i Reahbilitacions, S.L.","description":"","potentialAction":[{"@type":"SearchAction","target":{"@type":"EntryPoint","urlTemplate":"https:\/\/www.quality21construccions.com\/?s={search_term_string}"},"query-input":"required name=search_term_string"}],"inLanguage":"ca"}]}},"_links":{"self":[{"href":"https:\/\/www.quality21construccions.com\/ca\/wp-json\/wp\/v2\/pages\/16771","targetHints":{"allow":["GET"]}}],"collection":[{"href":"https:\/\/www.quality21construccions.com\/ca\/wp-json\/wp\/v2\/pages"}],"about":[{"href":"https:\/\/www.quality21construccions.com\/ca\/wp-json\/wp\/v2\/types\/page"}],"author":[{"embeddable":true,"href":"https:\/\/www.quality21construccions.com\/ca\/wp-json\/wp\/v2\/users\/1"}],"replies":[{"embeddable":true,"href":"https:\/\/www.quality21construccions.com\/ca\/wp-json\/wp\/v2\/comments?post=16771"}],"version-history":[{"count":1,"href":"https:\/\/www.quality21construccions.com\/ca\/wp-json\/wp\/v2\/pages\/16771\/revisions"}],"predecessor-version":[{"id":16796,"href":"https:\/\/www.quality21construccions.com\/ca\/wp-json\/wp\/v2\/pages\/16771\/revisions\/16796"}],"wp:attachment":[{"href":"https:\/\/www.quality21construccions.com\/ca\/wp-json\/wp\/v2\/media?parent=16771"}],"curies":[{"name":"wp","href":"https:\/\/api.w.org\/{rel}","templated":true}]}}