{"id":16770,"date":"2024-02-06T17:01:16","date_gmt":"2024-02-06T17:01:16","guid":{"rendered":"https:\/\/www.quality21construccions.com\/avis-legal\/"},"modified":"2024-02-23T10:34:00","modified_gmt":"2024-02-23T10:34:00","slug":"avis-legal","status":"publish","type":"page","link":"https:\/\/www.quality21construccions.com\/ca\/avis-legal\/","title":{"rendered":"Av\u00eds Legal"},"content":{"rendered":"<p>En aquest espai, l&#8217;USUARI podr\u00e0 trobar tota la informaci\u00f3 relativa als termes i les condicions legals que defineixen les relacions entre els usuaris i nosaltres com a responsables d&#8217;aquesta web. Com a usuari, \u00e9s important que conegueu aquests termes abans de continuar la vostra navegaci\u00f3.<\/p>\n<h4><strong>CONDICIONS GENERALS D&#8217;\u00daS<\/strong><\/h4>\n<p>Les presents Condicions Generals regulen l&#8217;\u00fas (incl\u00f2s el mer acc\u00e9s) de les p\u00e0gines de la web, integrants del lloc web <strong>www.quality21construccions.com<\/strong> , inclosos els continguts i serveis posats a disposici\u00f3. Tota persona que accedeixi a la web (\u201cUsuari\u201d) accepta sotmetre&#8217;s a les Condicions Generals vigents a cada moment del portal <strong>www.quality21construccions.com<\/strong> .<\/p>\n<h4><strong>DADES PERSONALS QUE RECOLLIM I COM HO FEM<\/strong><\/h4>\n<p>Llegir <a href=\"https:\/\/www.quality21construccions.com\/ca\/politica-de-privadesa\/\">Pol\u00edtica de Privadesa<\/a> .<\/p>\n<h4><strong>COMPROMISOS I OBLIGACIONS DELS USUARIS<\/strong><\/h4>\n<p>L&#8217;Usuari queda informat, i accepta, que l&#8217;acc\u00e9s a la present web no suposa, de cap manera, l&#8217;inici d&#8217;una relaci\u00f3 comercial amb <strong>QUALITY XXI CONSTRUCCIONS I REHABILITACIONS, SL<\/strong> . D&#8217;aquesta manera, l&#8217;usuari es compromet a utilitzar el lloc web, els serveis i els continguts sense contravenir la legislaci\u00f3 vigent, la bona fe i l&#8217;ordre p\u00fablic. Queda prohibit l&#8217;\u00fas del web, amb finalitats il\u00b7l\u00edcites o lesives, o que, de qualsevol manera, puguin causar perjudici o impedir el funcionament normal del lloc web. Pel que fa als continguts d&#8217;aquesta web, es prohibeix:<\/p>\n<ul>\n<li>La seva reproducci\u00f3, distribuci\u00f3 o modificaci\u00f3, total o parcial, llevat que es compti amb lautoritzaci\u00f3 dels seus leg\u00edtims titulars.<\/li>\n<li>Qualsevol vulneraci\u00f3 dels drets del prestador o dels leg\u00edtims titulars.<\/li>\n<li>La seva utilitzaci\u00f3 per a fins comercials o publicitaris.<\/li>\n<\/ul>\n<p>En la utilitzaci\u00f3 de la web, <strong>www.quality21construccions.com<\/strong>, l&#8217;Usuari es compromet a no dur a terme cap conducta que pogu\u00e9s fer malb\u00e9 la imatge, els interessos i els drets de <strong>QUALITY XXI CONSTRUCCIONS I REHABILITACIONS, SL <\/strong>o de tercers o que pogu\u00e9s danyar, inutilitzar o sobrecarregar el portal (<strong>www.quality21construccions.com<\/strong>) o que imped\u00eds, de qualsevol manera, la utilitzaci\u00f3 normal de la web. Tot i aix\u00f2, l&#8217;Usuari ha de ser conscient que les mesures de seguretat dels sistemes inform\u00e0tics a Internet no s\u00f3n enterament fiables i que, per tant <strong>www.quality21construccions.com<\/strong> no pot garantir la inexist\u00e8ncia de virus o altres elements que puguin produir alteracions als sistemes inform\u00e0tics (programari i maquinari) de l&#8217;Usuari o als seus documents electr\u00f2nics i fitxers continguts en aquests.<\/p>\n<h4><strong>MESURES DE SEGURETAT<\/strong><\/h4>\n<p>Les dades personals comunicades per l&#8217;usuari a <strong>www.quality21construccions.com<\/strong> poden ser emmagatzemades en bases de dades automatitzades o no, la titularitat de les quals correspon en exclusiva a <strong>QUALITY XXI CONSTRUCCIONS I REHABILITACIONS, SL<\/strong>, assumint aquesta totes les mesures d&#8217;\u00edndole t\u00e8cnica, organitzativa i de seguretat que garanteixen la confidencialitat, integritat i qualitat de la informaci\u00f3 que cont\u00e9 d&#8217;acord amb all\u00f2 que estableix la normativa vigent en protecci\u00f3 de dades. La comunicaci\u00f3 entre els usuaris i <strong>www.quality21construccions.com<\/strong> utilitza un canal segur, i les dades transmeses s\u00f3n xifrades gr\u00e0cies a protocols https, per tant garantim les millors condicions de seguretat perqu\u00e8 la confidencialitat dels usuaris estigui garantida.<\/p>\n<h4><strong>RECLAMACIONS<\/strong><\/h4>\n<p><strong>QUALITY XXI CONSTRUCCIONS I REHABILITACIONS, SL<\/strong> informa que hi ha fulls de reclamaci\u00f3 a disposici\u00f3 d&#8217;usuaris i clients. L&#8217;Usuari podr\u00e0 realitzar reclamacions sol\u00b7licitant el seu full de reclamaci\u00f3 o remetent un correu electr\u00f2nic a <strong>info@quality21construccions.com<\/strong> indicant-ne el nom i cognoms, servei i\/o producte adquirit i exposant els motius de la seva reclamaci\u00f3. L&#8217;usuari\/comprador podr\u00e0 notificar-nos la reclamaci\u00f3, adjuntant el seg\u00fcent formulari de reclamaci\u00f3:<\/p>\n<ul>\n<li>El servei\/producte:<\/li>\n<li>Adquirit el dia:<\/li>\n<li>Nom de l&#8217;usuari:<\/li>\n<li>Domicili de l&#8217;usuari:<\/li>\n<li>Signatura de l&#8217;usuari (nom\u00e9s si es presenta en paper):<\/li>\n<li>Data:<\/li>\n<li>Motiu de la reclamaci\u00f3:<\/li>\n<\/ul>\n<h4><strong>PLATAFORMA DE RESOLUCI\u00d3 DE CONFLICTES<\/strong><\/h4>\n<p>Per si pot ser del teu inter\u00e8s, per sotmetre les teves reclamacions pots utilitzar tamb\u00e9 la plataforma de resoluci\u00f3 de litigis que facilita la Comissi\u00f3 Europea i que es troba disponible al seg\u00fcent enlla\u00e7: <a href=\"http:\/\/ec.europa.eu\/consumers\/odr\/\">http:\/\/ec.europa.eu\/consumers\/odr\/<\/a> .<\/p>\n<h4><strong>DRETS DE PROPIETAT INTEL\u00b7LECTUAL I INDUSTRIAL<\/strong><\/h4>\n<p>En virtut del que disposen els articles 8 i 32.1, par\u00e0graf segon, de la Llei de propietat intel\u00b7lectual, queden expressament prohibides la reproducci\u00f3, distribuci\u00f3 i comunicaci\u00f3 p\u00fablica, inclosa la seva modalitat de posada a disposici\u00f3, de la totalitat o part dels continguts de aquesta p\u00e0gina web, amb fins comercials, en qualsevol suport i per qualsevol mitj\u00e0 t\u00e8cnic, sense l&#8217;autoritzaci\u00f3 de <strong>QUALITY XXI CONSTRUCCIONS I REHABILITACIONS, SL<\/strong> . L&#8217;usuari es compromet a respectar els drets de propietat intel\u00b7lectual i industrial titularitat de <strong>www.quality21construccions.com<\/strong> . L&#8217;usuari coneix i accepta que la totalitat del lloc web, contenint sense car\u00e0cter exhaustiu el text, programari, continguts (incloent-hi estructura, selecci\u00f3, ordenaci\u00f3 i presentaci\u00f3), fotografies, material audiovisual i gr\u00e0fics, est\u00e0 protegida per marques, drets d&#8217;autor i altres drets leg\u00edtims, d&#8217;acord amb els tractats internacionals on Espanya \u00e9s part i altres drets de propietat i lleis d&#8217;Espanya. En cas que un usuari o un tercer considerin que s&#8217;ha produ\u00eft una violaci\u00f3 dels seus leg\u00edtims drets de propietat intel\u00b7lectual per la introducci\u00f3 d&#8217;un determinat contingut a la web, haur\u00e0 de notificar aquesta circumst\u00e0ncia a <strong>www.quality21construccions.com<\/strong> :<\/p>\n<ul>\n<li>Dades personals de linteressat titular dels drets presumptament infringits, o indicar la representaci\u00f3 amb qu\u00e8 actua en cas que la reclamaci\u00f3 la presenti un tercer diferent de linteressat.<\/li>\n<li>Assenyalar els continguts protegits pels drets de propietat intel\u00b7lectual i la seva ubicaci\u00f3 a la web, l&#8217;acreditaci\u00f3 dels drets de propietat intel\u00b7lectual assenyalats i declaraci\u00f3 expressa en qu\u00e8 l&#8217;interessat es responsabilitza de la veracitat de les informacions facilitades a la notificaci\u00f3.<\/li>\n<\/ul>\n<h4><strong>ENLLA\u00c7OS EXTERNS<\/strong><\/h4>\n<p>Les p\u00e0gines del web <strong>www.quality21construccions.com<\/strong> podrien proporcionar enlla\u00e7os a altres llocs web propis i continguts que s\u00f3n propietat de tercers. L&#8217;\u00fanic objecte dels enlla\u00e7os \u00e9s proporcionar a l&#8217;Usuari la possibilitat d&#8217;accedir-hi. <strong>www.quality21construccions.com<\/strong> no es responsabilitza en cap cas dels resultats que es puguin derivar a l&#8217;Usuari per acc\u00e9s a aquests enlla\u00e7os. Aix\u00ed mateix, l&#8217;usuari trobar\u00e0 dins aquest lloc web, p\u00e0gines, promocions, programes d&#8217;afiliats que accedeixin als h\u00e0bits de navegaci\u00f3 dels usuaris per establir perfils. Aquesta informaci\u00f3 sempre \u00e9s an\u00f2nima i no s&#8217;identifica a l&#8217;usuari. La informaci\u00f3 que es proporcioni en aquests llocs patrocinats o enlla\u00e7os d&#8217;afiliats est\u00e0 subjecta a les pol\u00edtiques de privadesa que s&#8217;utilitzin en aquests llocs i no estar\u00e0 subjecta a aquesta pol\u00edtica de privadesa. Per aix\u00f2 recomanem \u00e0mpliament els Usuaris a revisar detalladament les pol\u00edtiques de privadesa dels enlla\u00e7os d&#8217;afiliat. L&#8217;Usuari que es proposi establir qualsevol dispositiu t\u00e8cnic d&#8217;enlla\u00e7 des del lloc web al portal <strong>www.quality21construccions.com<\/strong> haur\u00e0 d&#8217;obtenir l&#8217;autoritzaci\u00f3 pr\u00e8via i escrita de <strong>QUALITY XXI CONSTRUCCIONS I REHABILITACIONS, SL<\/strong> . L\u201festabliment de l\u201fenlla\u00e7 no implica en cap cas l\u201fexist\u00e8ncia de relacions entre <strong>www.quality21construccions.com<\/strong> i el propietari del lloc on s\u201festableixi l\u201fenlla\u00e7, ni l\u201facceptaci\u00f3 o aprovaci\u00f3 per part de <strong>www.quality21construccions.com<\/strong> dels seus continguts o serveis.<\/p>\n<h4><strong>EXCLUSI\u00d3 DE GARANTIES I RESPONSABILITATS<\/strong><\/h4>\n<p>El prestador no atorga cap garantia ni es fa responsable, en cap cas, dels danys i perjudicis de qualsevol naturalesa que poguessin portar a causa de:<\/p>\n<ul>\n<li>La manca de disponibilitat, manteniment i efectiu funcionament de la web, o dels seus serveis i continguts;<\/li>\n<li>L&#8217;exist\u00e8ncia de virus, programes maliciosos o lesius als continguts;<\/li>\n<li>L&#8217;\u00fas il\u00b7l\u00edcit, negligent, fraudulent o contrari a aquest Av\u00eds Legal;<\/li>\n<li>La manca de licitud, qualitat, fiabilitat, utilitat i disponibilitat dels serveis prestats per tercers i posats a disposici\u00f3 dels usuaris al lloc web.<\/li>\n<li>El prestador no es fa responsable sota cap concepte dels danys que poguessin procedir de l\u00fas il\u00b7legal o indegut de la present p\u00e0gina web.<\/li>\n<\/ul>\n<h4><strong>LLEI APLICABLE I JURISDICCI\u00d3<\/strong><\/h4>\n<p>Amb car\u00e0cter general, les relacions entre <strong>www.quality21construccions.com<\/strong> i els Usuaris dels seus serveis telem\u00e0tics presents en aquesta web, estan sotmeses a la legislaci\u00f3 i jurisdicci\u00f3 espanyoles i als tribunals de <strong>VILANOVA I LA GELTR\u00da<\/strong> .<\/p>\n<h4><strong>CONTACTE<\/strong><\/h4>\n<p>En cas que qualsevol Usuari tingu\u00e9s algun dubte sobre aquestes Condicions legals o qualsevol comentari sobre el portal <strong>www.quality21construccions.com<\/strong> , si us plau dirigiu-vos a <strong>info@quality21construccions.com<\/strong> . L&#8217;av\u00eds legal ha estat actualitzat per darrera vegada el 23\/02\/2024. De part de l&#8217;equip que formem <strong>www.quality21construccions.com<\/strong> us agra\u00efm el temps dedicat a llegir aquest Av\u00eds Legal.<\/p>\n","protected":false},"excerpt":{"rendered":"<p>En aquest espai, l&#8217;USUARI podr\u00e0 trobar tota la informaci\u00f3 relativa als termes i les condicions legals que defineixen les relacions entre els usuaris i nosaltres com a responsables d&#8217;aquesta web. Com a usuari, \u00e9s important que conegueu aquests termes abans de continuar la vostra navegaci\u00f3. CONDICIONS GENERALS D&#8217;\u00daS Les presents Condicions Generals regulen l&#8217;\u00fas (incl\u00f2s [&hellip;]<\/p>\n","protected":false},"author":1,"featured_media":0,"parent":0,"menu_order":5,"comment_status":"closed","ping_status":"closed","template":"","meta":{"footnotes":""},"class_list":["post-16770","page","type-page","status-publish","hentry"],"yoast_head":"<!-- This site is optimized with the Yoast SEO plugin v22.1 - https:\/\/yoast.com\/wordpress\/plugins\/seo\/ -->\n<title>Av\u00eds Legal - Quality XXI Construccions i Rehabilitacions, S.L.<\/title>\n<meta name=\"robots\" content=\"index, follow, max-snippet:-1, max-image-preview:large, max-video-preview:-1\" \/>\n<link rel=\"canonical\" href=\"https:\/\/www.quality21construccions.com\/aviso-legal\/\" \/>\n<meta property=\"og:locale\" content=\"ca_ES\" \/>\n<meta property=\"og:type\" content=\"article\" \/>\n<meta property=\"og:title\" content=\"Av\u00eds Legal - Quality XXI Construccions i Rehabilitacions, S.L.\" \/>\n<meta property=\"og:description\" content=\"En aquest espai, l&#8217;USUARI podr\u00e0 trobar tota la informaci\u00f3 relativa als termes i les condicions legals que defineixen les relacions entre els usuaris i nosaltres com a responsables d&#8217;aquesta web. Com a usuari, \u00e9s important que conegueu aquests termes abans de continuar la vostra navegaci\u00f3. CONDICIONS GENERALS D&#8217;\u00daS Les presents Condicions Generals regulen l&#8217;\u00fas (incl\u00f2s [&hellip;]\" \/>\n<meta property=\"og:url\" content=\"https:\/\/www.quality21construccions.com\/aviso-legal\/\" \/>\n<meta property=\"og:site_name\" content=\"Quality XXI Construccions i Rehabilitacions, S.L.\" \/>\n<meta property=\"article:modified_time\" content=\"2024-02-23T10:34:00+00:00\" \/>\n<meta name=\"twitter:card\" content=\"summary_large_image\" \/>\n<meta name=\"twitter:label1\" content=\"Temps estimat de lectura\" \/>\n\t<meta name=\"twitter:data1\" content=\"7 minuts\" \/>\n<script type=\"application\/ld+json\" class=\"yoast-schema-graph\">{\"@context\":\"https:\/\/schema.org\",\"@graph\":[{\"@type\":\"WebPage\",\"@id\":\"https:\/\/www.quality21construccions.com\/aviso-legal\/\",\"url\":\"https:\/\/www.quality21construccions.com\/aviso-legal\/\",\"name\":\"Av\u00eds Legal - Quality XXI Construccions i Rehabilitacions, S.L.\",\"isPartOf\":{\"@id\":\"https:\/\/www.quality21construccions.com\/#website\"},\"datePublished\":\"2024-02-06T17:01:16+00:00\",\"dateModified\":\"2024-02-23T10:34:00+00:00\",\"breadcrumb\":{\"@id\":\"https:\/\/www.quality21construccions.com\/aviso-legal\/#breadcrumb\"},\"inLanguage\":\"ca\",\"potentialAction\":[{\"@type\":\"ReadAction\",\"target\":[\"https:\/\/www.quality21construccions.com\/aviso-legal\/\"]}]},{\"@type\":\"BreadcrumbList\",\"@id\":\"https:\/\/www.quality21construccions.com\/aviso-legal\/#breadcrumb\",\"itemListElement\":[{\"@type\":\"ListItem\",\"position\":1,\"name\":\"Portada\",\"item\":\"https:\/\/www.quality21construccions.com\/\"},{\"@type\":\"ListItem\",\"position\":2,\"name\":\"Av\u00eds Legal\"}]},{\"@type\":\"WebSite\",\"@id\":\"https:\/\/www.quality21construccions.com\/#website\",\"url\":\"https:\/\/www.quality21construccions.com\/\",\"name\":\"Quality XXI Construccions i Reahbilitacions, S.L.\",\"description\":\"\",\"potentialAction\":[{\"@type\":\"SearchAction\",\"target\":{\"@type\":\"EntryPoint\",\"urlTemplate\":\"https:\/\/www.quality21construccions.com\/?s={search_term_string}\"},\"query-input\":\"required name=search_term_string\"}],\"inLanguage\":\"ca\"}]}<\/script>\n<!-- \/ Yoast SEO plugin. -->","yoast_head_json":{"title":"Av\u00eds Legal - Quality XXI Construccions i Rehabilitacions, S.L.","robots":{"index":"index","follow":"follow","max-snippet":"max-snippet:-1","max-image-preview":"max-image-preview:large","max-video-preview":"max-video-preview:-1"},"canonical":"https:\/\/www.quality21construccions.com\/aviso-legal\/","og_locale":"ca_ES","og_type":"article","og_title":"Av\u00eds Legal - Quality XXI Construccions i Rehabilitacions, S.L.","og_description":"En aquest espai, l&#8217;USUARI podr\u00e0 trobar tota la informaci\u00f3 relativa als termes i les condicions legals que defineixen les relacions entre els usuaris i nosaltres com a responsables d&#8217;aquesta web. Com a usuari, \u00e9s important que conegueu aquests termes abans de continuar la vostra navegaci\u00f3. CONDICIONS GENERALS D&#8217;\u00daS Les presents Condicions Generals regulen l&#8217;\u00fas (incl\u00f2s [&hellip;]","og_url":"https:\/\/www.quality21construccions.com\/aviso-legal\/","og_site_name":"Quality XXI Construccions i Rehabilitacions, S.L.","article_modified_time":"2024-02-23T10:34:00+00:00","twitter_card":"summary_large_image","twitter_misc":{"Temps estimat de lectura":"7 minuts"},"schema":{"@context":"https:\/\/schema.org","@graph":[{"@type":"WebPage","@id":"https:\/\/www.quality21construccions.com\/aviso-legal\/","url":"https:\/\/www.quality21construccions.com\/aviso-legal\/","name":"Av\u00eds Legal - Quality XXI Construccions i Rehabilitacions, S.L.","isPartOf":{"@id":"https:\/\/www.quality21construccions.com\/#website"},"datePublished":"2024-02-06T17:01:16+00:00","dateModified":"2024-02-23T10:34:00+00:00","breadcrumb":{"@id":"https:\/\/www.quality21construccions.com\/aviso-legal\/#breadcrumb"},"inLanguage":"ca","potentialAction":[{"@type":"ReadAction","target":["https:\/\/www.quality21construccions.com\/aviso-legal\/"]}]},{"@type":"BreadcrumbList","@id":"https:\/\/www.quality21construccions.com\/aviso-legal\/#breadcrumb","itemListElement":[{"@type":"ListItem","position":1,"name":"Portada","item":"https:\/\/www.quality21construccions.com\/"},{"@type":"ListItem","position":2,"name":"Av\u00eds Legal"}]},{"@type":"WebSite","@id":"https:\/\/www.quality21construccions.com\/#website","url":"https:\/\/www.quality21construccions.com\/","name":"Quality XXI Construccions i Reahbilitacions, S.L.","description":"","potentialAction":[{"@type":"SearchAction","target":{"@type":"EntryPoint","urlTemplate":"https:\/\/www.quality21construccions.com\/?s={search_term_string}"},"query-input":"required name=search_term_string"}],"inLanguage":"ca"}]}},"_links":{"self":[{"href":"https:\/\/www.quality21construccions.com\/ca\/wp-json\/wp\/v2\/pages\/16770","targetHints":{"allow":["GET"]}}],"collection":[{"href":"https:\/\/www.quality21construccions.com\/ca\/wp-json\/wp\/v2\/pages"}],"about":[{"href":"https:\/\/www.quality21construccions.com\/ca\/wp-json\/wp\/v2\/types\/page"}],"author":[{"embeddable":true,"href":"https:\/\/www.quality21construccions.com\/ca\/wp-json\/wp\/v2\/users\/1"}],"replies":[{"embeddable":true,"href":"https:\/\/www.quality21construccions.com\/ca\/wp-json\/wp\/v2\/comments?post=16770"}],"version-history":[{"count":1,"href":"https:\/\/www.quality21construccions.com\/ca\/wp-json\/wp\/v2\/pages\/16770\/revisions"}],"predecessor-version":[{"id":16795,"href":"https:\/\/www.quality21construccions.com\/ca\/wp-json\/wp\/v2\/pages\/16770\/revisions\/16795"}],"wp:attachment":[{"href":"https:\/\/www.quality21construccions.com\/ca\/wp-json\/wp\/v2\/media?parent=16770"}],"curies":[{"name":"wp","href":"https:\/\/api.w.org\/{rel}","templated":true}]}}