{"id":16769,"date":"2024-02-06T17:02:05","date_gmt":"2024-02-06T17:02:05","guid":{"rendered":"https:\/\/www.quality21construccions.com\/politica-de-cookies\/"},"modified":"2024-02-23T10:34:20","modified_gmt":"2024-02-23T10:34:20","slug":"politica-de-cookies","status":"publish","type":"page","link":"https:\/\/www.quality21construccions.com\/ca\/politica-de-cookies\/","title":{"rendered":"Pol\u00edtica de Cookies"},"content":{"rendered":"<p>La p\u00e0gina <strong>www.quality21construccions.com<\/strong> web \u00e9s responsabilitat de <strong>QUALITY XXI CONSTRUCCIONS I REHABILITACIONS, SL<\/strong> (abreviatura <strong>QUALITY XXI<\/strong> , en endavant), amb domicili a RONDA IB\u00c8RICA, 85, 08800 VILANOVA I LA GELTR\u00da (BARCELONA) i adre\u00e7a <strong>de<\/strong> correu electr\u00f2nic <strong>quality21construccions.com<\/strong> .<\/p>\n<p>Conseq\u00fcentment, a la utilitzaci\u00f3 de cookies se li aplica la present \u201cPol\u00edtica d&#8217;\u00das de Cookies\u201d que ha estat elaborada per tal que l&#8217;usuari quedi informat dels diferents usos que es duen a terme en aquests dispositius i pugui consentir-ne el tractament forma informada de conformitat amb el que preveu la legislaci\u00f3 vigent.<\/p>\n<h4><strong>INFORMACI\u00d3 GENERAL PER AL CLIENT SOBRE COOKIES<\/strong><\/h4>\n<p>Amb car\u00e0cter general us informem que les cookies s\u00f3n un missatge enviat pel servidor a l&#8217;ordinador de l&#8217;usuari consistent en arxius de text que s&#8217;emmagatzemen a la mem\u00f2ria de l&#8217;ordinador i que recullen informaci\u00f3 relativa a les p\u00e0gines que es visiten, el temps de connexi\u00f3 a Internet , etc. Les galetes tornen a ser enviades al servidor cada vegada que l&#8217;usuari entra en aquesta p\u00e0gina.<\/p>\n<p>Les galetes no poden llegir dades del disc dur ni llegir els fitxers galeta creats per altres prove\u00efdors. Els logs s\u00f3n uns fitxers emmagatzemats al servidor de <strong>QUALITY XXI<\/strong> que registren informaci\u00f3 sobre la seva navegaci\u00f3 i que tenen per finalitat analitzar el funcionament del sistema, localitzar les incid\u00e8ncies i problemes que puguin sorgir i resoldre&#8217;ls en el menor termini possible, continuar oferint-los els serveis que sol\u00b7licita, con\u00e8ixer millor les seves prefer\u00e8ncies i oferir altres serveis que puguin adequar-se als vostres gustos.<\/p>\n<p>En cas que l&#8217;usuari revoqui el seu consentiment de la forma prevista en aquesta pol\u00edtica o modifiqui les condicions d&#8217;acc\u00e9s a les galetes a trav\u00e9s del seu navegador com s&#8217;exposar\u00e0 a continuaci\u00f3, la p\u00e0gina web de <strong>QUALITY XXI<\/strong> comportar\u00e0 la impossibilitat d&#8217;una navegaci\u00f3 correcta i la impossibilitat d&#8217;adequar el nostre portal a les vostres necessitats espec\u00edfiques.<\/p>\n<h4><strong>DESCRIPCI\u00d3 DE TIPOLOGIES DE COOKIES HABITUALMENT UTILITZADES A INTERNET<\/strong><\/h4>\n<p>A continuaci\u00f3, exposem una classificaci\u00f3 de les cookies habitualment utilitzades atenent diferents tipologies en funci\u00f3 del seu responsable, el temps de perman\u00e8ncia i la finalitat del seu \u00fas:<\/p>\n<ul>\n<li>Tipus de galetes segons l&#8217;entitat que les gestioni:\n<ul>\n<li>Cookies pr\u00f2pies: S\u00f3n aquelles que s&#8217;envien a l&#8217;equip terminal de l&#8217;usuari des d&#8217;un equip o domini gestionat pel mateix editor i des del qual es presta el servei sol\u00b7licitat per l&#8217;usuari.<\/li>\n<li>Galetes de tercers: S\u00f3n aquelles que s&#8217;envien a l&#8217;equip terminal de l&#8217;usuari des d&#8217;un equip o domini que no \u00e9s gestionat per l&#8217;Editor de la web, sin\u00f3 per una altra entitat que tracta les dades obtingudes a trav\u00e9s de les galetes.<\/li>\n<\/ul>\n<\/li>\n<li>Tipus de cookies segons el termini de temps que romanen activades:\n<ul>\n<li>Galetes de sessi\u00f3: S\u00f3n un tipus de galetes dissenyades per demanar i emmagatzemar dades mentre l&#8217;usuari accedeix a una p\u00e0gina web. Se solen utilitzar per emmagatzemar informaci\u00f3 que nom\u00e9s interessa conservar per a la prestaci\u00f3 del servei sol\u00b7licitat per l&#8217;usuari en una sola ocasi\u00f3 (per exemple, una llista de productes adquirits).<\/li>\n<li>Cookies persistents: S\u00f3n un tipus de cookies on les dades segueixen emmagatzemades al terminal i poden ser accedides i tractades durant un per\u00edode definit per l&#8217;Editor de la galeta, i que pot anar d&#8217;uns minuts a diversos anys.<\/li>\n<\/ul>\n<\/li>\n<li>Tipus de cookies segons la finalitat:\n<ul>\n<li>Galetes t\u00e8cniques: S\u00f3n aquelles que permeten a l&#8217;usuari la navegaci\u00f3 a trav\u00e9s d&#8217;una p\u00e0gina web, plataforma o aplicaci\u00f3 i la utilitzaci\u00f3 de les diferents opcions o serveis que hi hagi com, per exemple, controlar el tr\u00e0nsit i la comunicaci\u00f3 de dades, identificar la sessi\u00f3, accedir a parts d&#8217;acc\u00e9s restringit, recordar els elements que integren una comanda, fer el proc\u00e9s de compra d&#8217;una comanda, fer la sol\u00b7licitud d&#8217;inscripci\u00f3 o participaci\u00f3 en un esdeveniment, utilitzar elements de seguretat durant la navegaci\u00f3, emmagatzemar continguts per a la difusi\u00f3 de v\u00eddeos o so o compartir continguts a trav\u00e9s de xarxes socials.<\/li>\n<li>Galetes de personalitzaci\u00f3: S\u00f3n aquelles que permeten a l&#8217;usuari accedir al servei amb algunes caracter\u00edstiques de car\u00e0cter general predefinides en funci\u00f3 d&#8217;una s\u00e8rie de criteris al terminal de l&#8217;usuari com serien l&#8217;idioma, el tipus de navegador a trav\u00e9s del qual accedeix al servei, la configuraci\u00f3 regional des d&#8217;on accedeix al servei, etc.<\/li>\n<li>Galetes d&#8217;an\u00e0lisi: S\u00f3n aquelles que permeten a l&#8217;Editor de les mateixes, el seguiment i l&#8217;an\u00e0lisi del comportament dels usuaris dels llocs web als quals estan vinculades. La informaci\u00f3 recollida mitjan\u00e7ant aquest tipus de cookies s&#8217;utilitza en el mesurament de l&#8217;activitat dels llocs web, l&#8217;aplicaci\u00f3 o la plataforma i per a l&#8217;elaboraci\u00f3 de perfils de navegaci\u00f3 dels usuaris d&#8217;aquests llocs, aplicacions i plataformes, per introduir millores en funci\u00f3 de l&#8217;an\u00e0lisi dades d&#8217;\u00fas que fan els usuaris del servei.<\/li>\n<li>Cookies publicit\u00e0ries: S\u00f3n aquelles que permeten la gesti\u00f3, de la manera m\u00e9s efica\u00e7 possible, dels espais publicitaris que, si escau, l&#8217;Editor hagi incl\u00f2s en una p\u00e0gina web, aplicaci\u00f3 o plataforma des de la qual presta el servei sol\u00b7licitat segons criteris com el contingut editat o la freq\u00fc\u00e8ncia en qu\u00e8 es mostren els anuncis.<\/li>\n<li>Galetes de publicitat comportamental: S\u00f3n aquelles que permeten la gesti\u00f3, de la manera m\u00e9s efica\u00e7 possible, dels espais publicitaris que, si escau, l&#8217;editor hagi incl\u00f2s en una p\u00e0gina web, aplicaci\u00f3 o plataforma des de la qual presta el servei sol\u00b7licitat. Aquestes cookies emmagatzemen informaci\u00f3 del comportament dels usuaris obtinguda a trav\u00e9s de la cont\u00ednua observaci\u00f3 dels seus h\u00e0bits de navegaci\u00f3, cosa que permet desenvolupar un perfil espec\u00edfic per mostrar publicitat en funci\u00f3 del mateix, basat en una decisi\u00f3 automatitzada.<\/li>\n<\/ul>\n<\/li>\n<\/ul>\n<h4><strong>COOKIES ESTABLERTES PER QUALITY XXI<\/strong><\/h4>\n<p>Les principals galetes utilitzades en aquest lloc web s\u00f3n les seg\u00fcents:<\/p>\n<ul>\n<li>Cookies necess\u00e0ries\n<ul>\n<li>cookiefirst-consent: Aquesta galeta guarda les vostres prefer\u00e8ncies de cookies per a aquest lloc web. Pots canviar-los o retirar el teu consentiment f\u00e0cilment (12 mesos)<\/li>\n<li>cookiefirst-consent: Aquesta galeta guarda les vostres prefer\u00e8ncies de cookies per a aquest lloc web. Pots canviar-los o retirar el teu consentiment f\u00e0cilment (Persistent)<\/li>\n<li>cookiefirst-id: Aquesta cookie cont\u00e9 la teva identificaci\u00f3 \u00fanica perqu\u00e8 CookieFirst pugui identificar els visitants \u00fanics d&#8217;aquest lloc web (Persistent)<\/li>\n<\/ul>\n<\/li>\n<\/ul>\n<p>De conformitat amb la informaci\u00f3 que li ha estat facilitada, vost\u00e8 com a usuari consenteix expressament l&#8217;\u00fas de les cookies a qu\u00e8 hem fet refer\u00e8ncia, amb les finalitats previstes per a cadascuna.<\/p>\n<h4><strong>MODIFICACI\u00d3 DE LA CONFIGURACI\u00d3<\/strong><\/h4>\n<p>Si voleu canviar les seves prefer\u00e8ncies feu clic al bot\u00f3 blau flotant que trobareu al peu a la banda esquerra.<\/p>\n<p>Addicionalment, l&#8217;usuari podr\u00e0 impedir la generaci\u00f3 de Cookies, mitjan\u00e7ant la selecci\u00f3 de la corresponent opci\u00f3 al vostre programa navegador, per a aix\u00f2 haureu d&#8217;accedir a les opcions de configuraci\u00f3 de privadesa i seleccionar l&#8217;opci\u00f3 que us permet deshabilitar l&#8217;acceptaci\u00f3 autom\u00e0tica de cookies.<\/p>\n<p>Per a m\u00e9s informaci\u00f3 trieu entre els vostres navegadors:<\/p>\n<ul>\n<li>Internet Explorer: Eines -&gt; Opcions d&#8217;Internet -&gt; Privadesa -&gt; Configuraci\u00f3.<br \/>\nPer a m\u00e9s informaci\u00f3, podeu consultar el suport de Microsoft \u2013 <a href=\"https:\/\/support.microsoft.com\/es-es\/help\/17442\/windows-internet-explorer-delete-manage-cookies\">https:\/\/support.microsoft.com\/ca-help\/17442\/windows-internet-explorer-delete-manage-cookies<\/a> \u2013 o l&#8217;Ajuda del navegador.<\/li>\n<li>Firefox: Eines -&gt; Opcions -&gt; Privadesa -&gt; Historial -&gt; Configuraci\u00f3 Personalitzada.<br \/>\nPer a m\u00e9s informaci\u00f3, podeu consultar el suport de Mozilla \u2013 <a href=\"https:\/\/support.mozilla.org\/es\/kb\/proteccion-de-rastreo-mejorada-en-firefox-para-esc\">https:\/\/support.mozilla.org\/ca\/kb\/proteccion-de-rastreo-millorada-en-firefox-para-esc<\/a> \u2013 o l&#8217;Ajuda del navegador.<\/li>\n<li>Chrome: Configuraci\u00f3 -&gt; Mostrar opcions avan\u00e7ades -&gt; Privadesa -&gt; Configuraci\u00f3 de contingut.<br \/>\nPer a m\u00e9s informaci\u00f3, podeu consultar el suport de Google \u2013 <a href=\"https:\/\/support.google.com\/accounts\/answer\/61416?co=GENIE.Platform%3DDesktop&amp;hl=es-419\">https:\/\/support.google.com\/accounts\/answer\/61416?co=GENIE.Platform%3DDesktop&amp;hl=ca-419<\/a> \u2013 o l&#8217;Ajuda del navegador.<\/li>\n<li>Safari: Prefer\u00e8ncies -&gt; Seguretat.<br \/>\nPer a m\u00e9s informaci\u00f3, podeu consultar el suport d&#8217;Apple \u2013 <a href=\"https:\/\/support.apple.com\/es-es\/HT201265\">https:\/\/support.apple.com\/es-es\/HT201265<\/a> \u2013 o l&#8217;Ajuda del navegador.<\/li>\n<\/ul>\n","protected":false},"excerpt":{"rendered":"<p>La p\u00e0gina www.quality21construccions.com web \u00e9s responsabilitat de QUALITY XXI CONSTRUCCIONS I REHABILITACIONS, SL (abreviatura QUALITY XXI , en endavant), amb domicili a RONDA IB\u00c8RICA, 85, 08800 VILANOVA I LA GELTR\u00da (BARCELONA) i adre\u00e7a de correu electr\u00f2nic quality21construccions.com . Conseq\u00fcentment, a la utilitzaci\u00f3 de cookies se li aplica la present \u201cPol\u00edtica d&#8217;\u00das de Cookies\u201d que ha [&hellip;]<\/p>\n","protected":false},"author":1,"featured_media":0,"parent":0,"menu_order":7,"comment_status":"closed","ping_status":"closed","template":"","meta":{"footnotes":""},"class_list":["post-16769","page","type-page","status-publish","hentry"],"yoast_head":"<!-- This site is optimized with the Yoast SEO plugin v22.1 - https:\/\/yoast.com\/wordpress\/plugins\/seo\/ -->\n<title>Pol\u00edtica de Cookies - Quality XXI Construccions i Rehabilitacions, S.L.<\/title>\n<meta name=\"robots\" content=\"index, follow, max-snippet:-1, max-image-preview:large, max-video-preview:-1\" \/>\n<link rel=\"canonical\" href=\"https:\/\/www.quality21construccions.com\/politica-de-cookies\/\" \/>\n<meta property=\"og:locale\" content=\"ca_ES\" \/>\n<meta property=\"og:type\" content=\"article\" \/>\n<meta property=\"og:title\" content=\"Pol\u00edtica de Cookies - Quality XXI Construccions i Rehabilitacions, S.L.\" \/>\n<meta property=\"og:description\" content=\"La p\u00e0gina www.quality21construccions.com web \u00e9s responsabilitat de QUALITY XXI CONSTRUCCIONS I REHABILITACIONS, SL (abreviatura QUALITY XXI , en endavant), amb domicili a RONDA IB\u00c8RICA, 85, 08800 VILANOVA I LA GELTR\u00da (BARCELONA) i adre\u00e7a de correu electr\u00f2nic quality21construccions.com . Conseq\u00fcentment, a la utilitzaci\u00f3 de cookies se li aplica la present \u201cPol\u00edtica d&#8217;\u00das de Cookies\u201d que ha [&hellip;]\" \/>\n<meta property=\"og:url\" content=\"https:\/\/www.quality21construccions.com\/politica-de-cookies\/\" \/>\n<meta property=\"og:site_name\" content=\"Quality XXI Construccions i Rehabilitacions, S.L.\" \/>\n<meta property=\"article:modified_time\" content=\"2024-02-23T10:34:20+00:00\" \/>\n<meta name=\"twitter:card\" content=\"summary_large_image\" \/>\n<meta name=\"twitter:label1\" content=\"Temps estimat de lectura\" \/>\n\t<meta name=\"twitter:data1\" content=\"6 minuts\" \/>\n<script type=\"application\/ld+json\" class=\"yoast-schema-graph\">{\"@context\":\"https:\/\/schema.org\",\"@graph\":[{\"@type\":\"WebPage\",\"@id\":\"https:\/\/www.quality21construccions.com\/politica-de-cookies\/\",\"url\":\"https:\/\/www.quality21construccions.com\/politica-de-cookies\/\",\"name\":\"Pol\u00edtica de Cookies - Quality XXI Construccions i Rehabilitacions, S.L.\",\"isPartOf\":{\"@id\":\"https:\/\/www.quality21construccions.com\/#website\"},\"datePublished\":\"2024-02-06T17:02:05+00:00\",\"dateModified\":\"2024-02-23T10:34:20+00:00\",\"breadcrumb\":{\"@id\":\"https:\/\/www.quality21construccions.com\/politica-de-cookies\/#breadcrumb\"},\"inLanguage\":\"ca\",\"potentialAction\":[{\"@type\":\"ReadAction\",\"target\":[\"https:\/\/www.quality21construccions.com\/politica-de-cookies\/\"]}]},{\"@type\":\"BreadcrumbList\",\"@id\":\"https:\/\/www.quality21construccions.com\/politica-de-cookies\/#breadcrumb\",\"itemListElement\":[{\"@type\":\"ListItem\",\"position\":1,\"name\":\"Portada\",\"item\":\"https:\/\/www.quality21construccions.com\/\"},{\"@type\":\"ListItem\",\"position\":2,\"name\":\"Pol\u00edtica de Cookies\"}]},{\"@type\":\"WebSite\",\"@id\":\"https:\/\/www.quality21construccions.com\/#website\",\"url\":\"https:\/\/www.quality21construccions.com\/\",\"name\":\"Quality XXI Construccions i Reahbilitacions, S.L.\",\"description\":\"\",\"potentialAction\":[{\"@type\":\"SearchAction\",\"target\":{\"@type\":\"EntryPoint\",\"urlTemplate\":\"https:\/\/www.quality21construccions.com\/?s={search_term_string}\"},\"query-input\":\"required name=search_term_string\"}],\"inLanguage\":\"ca\"}]}<\/script>\n<!-- \/ Yoast SEO plugin. -->","yoast_head_json":{"title":"Pol\u00edtica de Cookies - Quality XXI Construccions i Rehabilitacions, S.L.","robots":{"index":"index","follow":"follow","max-snippet":"max-snippet:-1","max-image-preview":"max-image-preview:large","max-video-preview":"max-video-preview:-1"},"canonical":"https:\/\/www.quality21construccions.com\/politica-de-cookies\/","og_locale":"ca_ES","og_type":"article","og_title":"Pol\u00edtica de Cookies - Quality XXI Construccions i Rehabilitacions, S.L.","og_description":"La p\u00e0gina www.quality21construccions.com web \u00e9s responsabilitat de QUALITY XXI CONSTRUCCIONS I REHABILITACIONS, SL (abreviatura QUALITY XXI , en endavant), amb domicili a RONDA IB\u00c8RICA, 85, 08800 VILANOVA I LA GELTR\u00da (BARCELONA) i adre\u00e7a de correu electr\u00f2nic quality21construccions.com . Conseq\u00fcentment, a la utilitzaci\u00f3 de cookies se li aplica la present \u201cPol\u00edtica d&#8217;\u00das de Cookies\u201d que ha [&hellip;]","og_url":"https:\/\/www.quality21construccions.com\/politica-de-cookies\/","og_site_name":"Quality XXI Construccions i Rehabilitacions, S.L.","article_modified_time":"2024-02-23T10:34:20+00:00","twitter_card":"summary_large_image","twitter_misc":{"Temps estimat de lectura":"6 minuts"},"schema":{"@context":"https:\/\/schema.org","@graph":[{"@type":"WebPage","@id":"https:\/\/www.quality21construccions.com\/politica-de-cookies\/","url":"https:\/\/www.quality21construccions.com\/politica-de-cookies\/","name":"Pol\u00edtica de Cookies - Quality XXI Construccions i Rehabilitacions, S.L.","isPartOf":{"@id":"https:\/\/www.quality21construccions.com\/#website"},"datePublished":"2024-02-06T17:02:05+00:00","dateModified":"2024-02-23T10:34:20+00:00","breadcrumb":{"@id":"https:\/\/www.quality21construccions.com\/politica-de-cookies\/#breadcrumb"},"inLanguage":"ca","potentialAction":[{"@type":"ReadAction","target":["https:\/\/www.quality21construccions.com\/politica-de-cookies\/"]}]},{"@type":"BreadcrumbList","@id":"https:\/\/www.quality21construccions.com\/politica-de-cookies\/#breadcrumb","itemListElement":[{"@type":"ListItem","position":1,"name":"Portada","item":"https:\/\/www.quality21construccions.com\/"},{"@type":"ListItem","position":2,"name":"Pol\u00edtica de Cookies"}]},{"@type":"WebSite","@id":"https:\/\/www.quality21construccions.com\/#website","url":"https:\/\/www.quality21construccions.com\/","name":"Quality XXI Construccions i Reahbilitacions, S.L.","description":"","potentialAction":[{"@type":"SearchAction","target":{"@type":"EntryPoint","urlTemplate":"https:\/\/www.quality21construccions.com\/?s={search_term_string}"},"query-input":"required name=search_term_string"}],"inLanguage":"ca"}]}},"_links":{"self":[{"href":"https:\/\/www.quality21construccions.com\/ca\/wp-json\/wp\/v2\/pages\/16769","targetHints":{"allow":["GET"]}}],"collection":[{"href":"https:\/\/www.quality21construccions.com\/ca\/wp-json\/wp\/v2\/pages"}],"about":[{"href":"https:\/\/www.quality21construccions.com\/ca\/wp-json\/wp\/v2\/types\/page"}],"author":[{"embeddable":true,"href":"https:\/\/www.quality21construccions.com\/ca\/wp-json\/wp\/v2\/users\/1"}],"replies":[{"embeddable":true,"href":"https:\/\/www.quality21construccions.com\/ca\/wp-json\/wp\/v2\/comments?post=16769"}],"version-history":[{"count":1,"href":"https:\/\/www.quality21construccions.com\/ca\/wp-json\/wp\/v2\/pages\/16769\/revisions"}],"predecessor-version":[{"id":16797,"href":"https:\/\/www.quality21construccions.com\/ca\/wp-json\/wp\/v2\/pages\/16769\/revisions\/16797"}],"wp:attachment":[{"href":"https:\/\/www.quality21construccions.com\/ca\/wp-json\/wp\/v2\/media?parent=16769"}],"curies":[{"name":"wp","href":"https:\/\/api.w.org\/{rel}","templated":true}]}}