{"id":16765,"date":"2024-02-06T17:02:19","date_gmt":"2024-02-06T17:02:19","guid":{"rendered":"https:\/\/www.quality21construccions.com\/accessibilitat\/"},"modified":"2024-02-23T10:34:28","modified_gmt":"2024-02-23T10:34:28","slug":"accessibilitat","status":"publish","type":"page","link":"https:\/\/www.quality21construccions.com\/ca\/accessibilitat\/","title":{"rendered":"Accessibilitat"},"content":{"rendered":"<h4><strong>DECLARACI\u00d3 ACCESSIBILITAT WEB<\/strong><\/h4>\n<p>Actualitzat: 23\/02\/2024<\/p>\n<p><strong>QUALITY XXI CONSTRUCCIONS I REHABILITACIONS, SL<\/strong> es compromet a fer accessible el vostre lloc web de conformitat amb el Reial Decret 1112\/2018, sobre accessibilitat de llocs web i aplicacions per a dispositius m\u00f2bils del sector p\u00fablic.<\/p>\n<p>Aquesta declaraci\u00f3 d&#8217;accessibilitat s&#8217;aplica al web <strong>www.quality21construccions.com<\/strong> .<\/p>\n<h4><strong>SITUACI\u00d3 DE COMPLIMENT<\/strong><\/h4>\n<p>Aquest lloc web \u00e9s parcialment conforme al RD 1112\/2018 a causa de la manca de conformitat dels aspectes que s&#8217;indiquen a continuaci\u00f3.<\/p>\n<h4><strong>CONTINGUT NO ACCESSIBLE<\/strong><\/h4>\n<p>El contingut que es recull a continuaci\u00f3 no \u00e9s accessible pel seg\u00fcent:<\/p>\n<ul>\n<li>Manca de conformitat amb el RD 1112\/2018<\/li>\n<li>Podeu trobar imatges sense que acompanyeu text explicatiu.<\/li>\n<li>Hi podria haver errors dedici\u00f3 en la p\u00e0gina web.<\/li>\n<li>C\u00e0rrega desproporcionada<\/li>\n<li>No s&#8217;hi aplica.<\/li>\n<\/ul>\n<h4><strong>PREPARACI\u00d3 DE LA PRESENT DECLARACI\u00d3 D&#8217;ACCESSIBILITAT<\/strong><\/h4>\n<p>Aquesta declaraci\u00f3 va ser preparada el 23 de febrer del 2024.<\/p>\n<p>El m\u00e8tode emprat per preparar la declaraci\u00f3 ha estat una autoavaluaci\u00f3 duta a terme per lequip daccessibilitat de lentitat.<\/p>\n<p>\u00daltima revisi\u00f3 de la declaraci\u00f3: 23 de febrer de 2024.<\/p>\n<h4><strong>OBSERVACIONS I DADES DE CONTACTE<\/strong><\/h4>\n<p>Podeu realitzar comunicacions sobre requisits d&#8217;accessibilitat (article 10.2.(a) del RD 1112\/2018) com:<\/p>\n<ul>\n<li>Informar sobre qualsevol possible incompliment per part daquest lloc web.<\/li>\n<li>Transmetre altres dificultats dacc\u00e9s al contingut.<\/li>\n<li>Formular qualsevol altra consulta o suggeriment de millora relativa a l&#8217;accessibilitat del lloc web mitjan\u00e7ant correu postal a l&#8217;adre\u00e7a seg\u00fcent: RONDA IB\u00c8RICA, 85, 0880 VILANOVA I LA GELTR\u00da (BARCELONA).<\/li>\n<\/ul>\n<p>Indicant a l&#8217;assumpte: \u201cAccessibilitat Web\u201d.<\/p>\n<p>Les comunicacions seran rebudes i tractades per lequip dAccessibilitat.<\/p>\n<h4><strong>CONTINGUT OPCIONAL<\/strong><\/h4>\n<p>En aquesta web s&#8217;han adoptat una s\u00e8rie de mesures que tenen com a objectiu millorar l&#8217;accessibilitat. Els avantatges que aix\u00f2 comporta s\u00f3n, entre d&#8217;altres:<\/p>\n<ul>\n<li>Facilitar l&#8217;acc\u00e9s de les persones independentment de la condici\u00f3 f\u00edsica o del seu entorn.<\/li>\n<li>Incloure continguts clars i ben estructurats.<\/li>\n<li>Millorar la navegaci\u00f3 i lexperi\u00e8ncia de lusuari.<\/li>\n<\/ul>\n<p>Entre les mesures adoptades es troben:<\/p>\n<h4><strong>BOT\u00d3 LATERAL ESQUERRE D&#8217;ACCESSIBILITAT<\/strong><\/h4>\n<p>Totes les p\u00e0gines de la web compten amb un bot\u00f3 al lateral esquerre amb s\u00edmbol d&#8217;accessibilitat, que quan punxem s&#8217;obre un pop up amb les diferents opcions d&#8217;accessibilitat visual que poden afectar la p\u00e0gina web.<\/p>\n<h4><strong>Dreceres de teclat<\/strong><\/h4>\n<ul>\n<li><strong>Internet Explorer 6 o superiors<\/strong> : ALT + Tecla d&#8217;acc\u00e9s r\u00e0pid + Tecla ENTER<\/li>\n<li><strong>Mozilla Firefox 2.0 o superiors<\/strong> : ALT + MAJUSCULES + Tecla d&#8217;acc\u00e9s r\u00e0pid (configuraci\u00f3 \u2013 avan\u00e7ada al navegador amb dues tecles)<\/li>\n<li><strong>Opera:<\/strong> Tecla Maj\u00fascules + Esc per activar les tecles d&#8217;acc\u00e9s r\u00e0pid<\/li>\n<li><strong>MacOS<\/strong> : CONTROL + Tecla d&#8217;acc\u00e9s r\u00e0pid.<\/li>\n<li><strong>Chrome<\/strong> : ALT + Tecla d&#8217;acc\u00e9s r\u00e0pid.<\/li>\n<\/ul>\n","protected":false},"excerpt":{"rendered":"<p>DECLARACI\u00d3 ACCESSIBILITAT WEB Actualitzat: 23\/02\/2024 QUALITY XXI CONSTRUCCIONS I REHABILITACIONS, SL es compromet a fer accessible el vostre lloc web de conformitat amb el Reial Decret 1112\/2018, sobre accessibilitat de llocs web i aplicacions per a dispositius m\u00f2bils del sector p\u00fablic. Aquesta declaraci\u00f3 d&#8217;accessibilitat s&#8217;aplica al web www.quality21construccions.com . SITUACI\u00d3 DE COMPLIMENT Aquest lloc web [&hellip;]<\/p>\n","protected":false},"author":1,"featured_media":0,"parent":0,"menu_order":8,"comment_status":"closed","ping_status":"closed","template":"","meta":{"footnotes":""},"class_list":["post-16765","page","type-page","status-publish","hentry"],"yoast_head":"<!-- This site is optimized with the Yoast SEO plugin v22.1 - https:\/\/yoast.com\/wordpress\/plugins\/seo\/ -->\n<title>Accessibilitat - Quality XXI Construccions i Rehabilitacions, S.L.<\/title>\n<meta name=\"robots\" content=\"index, follow, max-snippet:-1, max-image-preview:large, max-video-preview:-1\" \/>\n<link rel=\"canonical\" href=\"https:\/\/www.quality21construccions.com\/accesibilidad\/\" \/>\n<meta property=\"og:locale\" content=\"ca_ES\" \/>\n<meta property=\"og:type\" content=\"article\" \/>\n<meta property=\"og:title\" content=\"Accessibilitat - Quality XXI Construccions i Rehabilitacions, S.L.\" \/>\n<meta property=\"og:description\" content=\"DECLARACI\u00d3 ACCESSIBILITAT WEB Actualitzat: 23\/02\/2024 QUALITY XXI CONSTRUCCIONS I REHABILITACIONS, SL es compromet a fer accessible el vostre lloc web de conformitat amb el Reial Decret 1112\/2018, sobre accessibilitat de llocs web i aplicacions per a dispositius m\u00f2bils del sector p\u00fablic. Aquesta declaraci\u00f3 d&#8217;accessibilitat s&#8217;aplica al web www.quality21construccions.com . SITUACI\u00d3 DE COMPLIMENT Aquest lloc web [&hellip;]\" \/>\n<meta property=\"og:url\" content=\"https:\/\/www.quality21construccions.com\/accesibilidad\/\" \/>\n<meta property=\"og:site_name\" content=\"Quality XXI Construccions i Rehabilitacions, S.L.\" \/>\n<meta property=\"article:modified_time\" content=\"2024-02-23T10:34:28+00:00\" \/>\n<meta name=\"twitter:card\" content=\"summary_large_image\" \/>\n<meta name=\"twitter:label1\" content=\"Temps estimat de lectura\" \/>\n\t<meta name=\"twitter:data1\" content=\"2 minuts\" \/>\n<script type=\"application\/ld+json\" class=\"yoast-schema-graph\">{\"@context\":\"https:\/\/schema.org\",\"@graph\":[{\"@type\":\"WebPage\",\"@id\":\"https:\/\/www.quality21construccions.com\/accesibilidad\/\",\"url\":\"https:\/\/www.quality21construccions.com\/accesibilidad\/\",\"name\":\"Accessibilitat - Quality XXI Construccions i Rehabilitacions, S.L.\",\"isPartOf\":{\"@id\":\"https:\/\/www.quality21construccions.com\/#website\"},\"datePublished\":\"2024-02-06T17:02:19+00:00\",\"dateModified\":\"2024-02-23T10:34:28+00:00\",\"breadcrumb\":{\"@id\":\"https:\/\/www.quality21construccions.com\/accesibilidad\/#breadcrumb\"},\"inLanguage\":\"ca\",\"potentialAction\":[{\"@type\":\"ReadAction\",\"target\":[\"https:\/\/www.quality21construccions.com\/accesibilidad\/\"]}]},{\"@type\":\"BreadcrumbList\",\"@id\":\"https:\/\/www.quality21construccions.com\/accesibilidad\/#breadcrumb\",\"itemListElement\":[{\"@type\":\"ListItem\",\"position\":1,\"name\":\"Portada\",\"item\":\"https:\/\/www.quality21construccions.com\/\"},{\"@type\":\"ListItem\",\"position\":2,\"name\":\"Accessibilitat\"}]},{\"@type\":\"WebSite\",\"@id\":\"https:\/\/www.quality21construccions.com\/#website\",\"url\":\"https:\/\/www.quality21construccions.com\/\",\"name\":\"Quality XXI Construccions i Reahbilitacions, S.L.\",\"description\":\"\",\"potentialAction\":[{\"@type\":\"SearchAction\",\"target\":{\"@type\":\"EntryPoint\",\"urlTemplate\":\"https:\/\/www.quality21construccions.com\/?s={search_term_string}\"},\"query-input\":\"required name=search_term_string\"}],\"inLanguage\":\"ca\"}]}<\/script>\n<!-- \/ Yoast SEO plugin. -->","yoast_head_json":{"title":"Accessibilitat - Quality XXI Construccions i Rehabilitacions, S.L.","robots":{"index":"index","follow":"follow","max-snippet":"max-snippet:-1","max-image-preview":"max-image-preview:large","max-video-preview":"max-video-preview:-1"},"canonical":"https:\/\/www.quality21construccions.com\/accesibilidad\/","og_locale":"ca_ES","og_type":"article","og_title":"Accessibilitat - Quality XXI Construccions i Rehabilitacions, S.L.","og_description":"DECLARACI\u00d3 ACCESSIBILITAT WEB Actualitzat: 23\/02\/2024 QUALITY XXI CONSTRUCCIONS I REHABILITACIONS, SL es compromet a fer accessible el vostre lloc web de conformitat amb el Reial Decret 1112\/2018, sobre accessibilitat de llocs web i aplicacions per a dispositius m\u00f2bils del sector p\u00fablic. Aquesta declaraci\u00f3 d&#8217;accessibilitat s&#8217;aplica al web www.quality21construccions.com . SITUACI\u00d3 DE COMPLIMENT Aquest lloc web [&hellip;]","og_url":"https:\/\/www.quality21construccions.com\/accesibilidad\/","og_site_name":"Quality XXI Construccions i Rehabilitacions, S.L.","article_modified_time":"2024-02-23T10:34:28+00:00","twitter_card":"summary_large_image","twitter_misc":{"Temps estimat de lectura":"2 minuts"},"schema":{"@context":"https:\/\/schema.org","@graph":[{"@type":"WebPage","@id":"https:\/\/www.quality21construccions.com\/accesibilidad\/","url":"https:\/\/www.quality21construccions.com\/accesibilidad\/","name":"Accessibilitat - Quality XXI Construccions i Rehabilitacions, S.L.","isPartOf":{"@id":"https:\/\/www.quality21construccions.com\/#website"},"datePublished":"2024-02-06T17:02:19+00:00","dateModified":"2024-02-23T10:34:28+00:00","breadcrumb":{"@id":"https:\/\/www.quality21construccions.com\/accesibilidad\/#breadcrumb"},"inLanguage":"ca","potentialAction":[{"@type":"ReadAction","target":["https:\/\/www.quality21construccions.com\/accesibilidad\/"]}]},{"@type":"BreadcrumbList","@id":"https:\/\/www.quality21construccions.com\/accesibilidad\/#breadcrumb","itemListElement":[{"@type":"ListItem","position":1,"name":"Portada","item":"https:\/\/www.quality21construccions.com\/"},{"@type":"ListItem","position":2,"name":"Accessibilitat"}]},{"@type":"WebSite","@id":"https:\/\/www.quality21construccions.com\/#website","url":"https:\/\/www.quality21construccions.com\/","name":"Quality XXI Construccions i Reahbilitacions, S.L.","description":"","potentialAction":[{"@type":"SearchAction","target":{"@type":"EntryPoint","urlTemplate":"https:\/\/www.quality21construccions.com\/?s={search_term_string}"},"query-input":"required name=search_term_string"}],"inLanguage":"ca"}]}},"_links":{"self":[{"href":"https:\/\/www.quality21construccions.com\/ca\/wp-json\/wp\/v2\/pages\/16765","targetHints":{"allow":["GET"]}}],"collection":[{"href":"https:\/\/www.quality21construccions.com\/ca\/wp-json\/wp\/v2\/pages"}],"about":[{"href":"https:\/\/www.quality21construccions.com\/ca\/wp-json\/wp\/v2\/types\/page"}],"author":[{"embeddable":true,"href":"https:\/\/www.quality21construccions.com\/ca\/wp-json\/wp\/v2\/users\/1"}],"replies":[{"embeddable":true,"href":"https:\/\/www.quality21construccions.com\/ca\/wp-json\/wp\/v2\/comments?post=16765"}],"version-history":[{"count":1,"href":"https:\/\/www.quality21construccions.com\/ca\/wp-json\/wp\/v2\/pages\/16765\/revisions"}],"predecessor-version":[{"id":16798,"href":"https:\/\/www.quality21construccions.com\/ca\/wp-json\/wp\/v2\/pages\/16765\/revisions\/16798"}],"wp:attachment":[{"href":"https:\/\/www.quality21construccions.com\/ca\/wp-json\/wp\/v2\/media?parent=16765"}],"curies":[{"name":"wp","href":"https:\/\/api.w.org\/{rel}","templated":true}]}}